{"id":18099,"date":"2025-03-19T21:28:07","date_gmt":"2025-03-19T20:28:07","guid":{"rendered":"https:\/\/pro-flavors.com\/izjava-o-zasebnosti\/"},"modified":"2025-09-24T09:38:10","modified_gmt":"2025-09-24T08:38:10","slug":"izjava-o-zasebnosti","status":"publish","type":"page","link":"https:\/\/pro-flavors.com\/sl\/izjava-o-zasebnosti\/","title":{"rendered":"IZJAVA O ZASEBNOSTI"},"content":{"rendered":"\t\t<div data-elementor-type=\"wp-page\" data-elementor-id=\"18099\" class=\"elementor elementor-18099 elementor-2558\" data-elementor-post-type=\"page\">\n\t\t\t\t\t\t<section class=\"wd-negative-gap elementor-section elementor-top-section elementor-element elementor-element-270aad60 elementor-section-boxed elementor-section-height-default elementor-section-height-default\" data-id=\"270aad60\" data-element_type=\"section\" data-e-type=\"section\">\n\t\t\t\t\t\t<div class=\"elementor-container elementor-column-gap-default\">\n\t\t\t\t\t<div class=\"elementor-column elementor-col-100 elementor-top-column elementor-element elementor-element-778cc9de\" data-id=\"778cc9de\" data-element_type=\"column\" data-e-type=\"column\">\n\t\t\t<div class=\"elementor-widget-wrap elementor-element-populated\">\n\t\t\t\t\t\t<div class=\"elementor-element elementor-element-7707bf54 color-scheme-inherit text-left elementor-widget elementor-widget-text-editor\" data-id=\"7707bf54\" data-element_type=\"widget\" data-e-type=\"widget\" data-widget_type=\"text-editor.default\">\n\t\t\t\t<div class=\"elementor-widget-container\">\n\t\t\t\t\t\t\t\t\t<p><span style=\"font-weight: 400;\">IZJAVA O ZASEBNOSTI Ta izjava o zasebnosti se nana\u0161a na zaupnost osebnih podatkov, zbranih v postopku registracije kupcev spletnega mesta www.pro-flavors.com ali v postopku registracije kupca, ki prejme informacije o izdelku Pro-Flavors d.o.o. Ta izjava o zasebnosti je sestavni del splo\u0161nih pogojev podjetja\u00a0<\/span><span style=\"font-family: Ubuntu, Arial, Helvetica, sans-serif; font-size: 14px; font-style: normal; font-variant-ligatures: normal; font-variant-caps: normal; font-weight: 400;\">Pro-Flavors d.o.o.\u00a0<\/span><span style=\"font-weight: 400;\">Prosimo, pozorno preberite to izjavo, \u010de \u017eelite izvedeti, kako zbiramo, obdelujemo, \u0161\u010ditimo ali druga\u010de uporabljamo va\u0161e osebne podatke.<\/span><\/p><p><span style=\"font-weight: 400;\">POOBLA\u0160\u010cENEC ZA ZBIRANJE PODATKOV Direktorja Grozdano Erjavec smo imenovali za poobla\u0161\u010denca za varstvo podatkov, tako da ga lahko kontaktirate za kakr\u0161na koli vpra\u0161anja ali prito\u017ebe v zvezi z na\u0161o politiko zasebnosti ali ravnanjem z osebnimi podatki. Ime in kontaktni podatki na\u0161ega poobla\u0161\u010denca za varstvo podatkov so: Grozdana Erjavec, Trnoveljska cesta 2a, 3000 Celje, Slovenija. Elektronski naslov: info@pro-flavors.com <\/span><\/p><p><span style=\"font-weight: 400;\">ZBIRANJE PODATKOV Osebni podatki so vse informacije, ki se nana\u0161ajo na posameznika, katerega identiteta je znana ali dolo\u010dljiva. Oseba, ki je dolo\u010dljiva, je oseba, ki jo je mogo\u010de neposredno ali posredno identificirati, zlasti z identifikatorji, kot so ime, identifikacijska \u0161tevilka, podatki o lokaciji, identifikator omre\u017eja. Ali pa oseba, ki jo lahko identificiramo z enim ali ve\u010d dejavniki, ki so zna\u010dilni za fizi\u010dno, fiziolo\u0161ko, genetsko, du\u0161evno, ekonomsko, kulturno ali dru\u017ebeno identiteto tega posameznika. Va\u0161e osebne podatke zbiramo le, \u010de nam jih prostovoljno posredujete. Podatke o vas zbiramo, ko izpolnite obrazec ali ko se prijavite na na\u0161e novice. Upo\u0161tevajte, da se lahko informacije in podatki, ki ne omogo\u010dajo identifikacije, samodejno zbirajo preko na\u0161ih internetnih stre\u017enikov ali s pomo\u010djo pi\u0161kotkov. <\/span><\/p><p><span style=\"font-weight: 400;\">Za branje na\u0161e politike o pi\u0161kotkih kliknite tukaj. Primeri informacij o va\u0161i uporabi strani vklju\u010dujejo: najbolj obiskane in ogledane strani in povezave na na\u0161i spletni strani, \u0161tevilo izpolnjenih obrazcev, \u010das, porabljen na spletni strani, najbolj priljubljene klju\u010dne besede, ki vodijo uporabnike do na\u0161e spletne strani, va\u0161 IP naslov, informacije o pi\u0161kotkih, informacije o va\u0161i napravi, kot so nastavitve strojne opreme, sistemska aktivnost, vrsta brskalnika, itd. <\/span><\/p><p><span style=\"font-weight: 400;\">OBDELAVA PODATKOV Pridobljene podatke o vas uporabljamo za enega ali ve\u010d naslednjih namenov: za prilagoditev va\u0161e izku\u0161nje kot stranke (zbrani podatki nam pomagajo, da se bolje odzovemo na va\u0161e individualne potrebe); da lahko izbolj\u0161amo na\u0161e spletno mesto (nenehno si prizadevamo izbolj\u0161ati ponudbo na\u0161ega spletnega mesta na podlagi povratnih informacij, ki jih prejmemo od na\u0161ih obiskovalcev); za vzpostavitev primarnega komunikacijskega kanala z vami; za ob\u010dasna e-po\u0161tna sporo\u010dila (glede ob\u010dasnih novic (\u010de to \u017eelite), posodobitev, informacij o podobnih izdelkih ali storitvah, itd.).<\/span><\/p><p><span style=\"font-weight: 400;\">POVEZAVE TRETJIH STRANI Na na\u0161em spletnem mestu ne ponujamo storitev ali izdelkov tretjih oseb. UPORABA PI\u0160KOTKOV \u010ce \u017eelite izvedeti, kako uporabljamo pi\u0161kotke, preberite na\u0161o politiko pi\u0161kotkov na www.pro-flavors.com pod Politika zasebnosti. <\/span><\/p><p><span style=\"font-weight: 400;\">ZA\u0160\u010cITA VA\u0160IH PODATKOV Za za\u0161\u010dito osebnih podatkov, ki jih posredujete preko te spletne strani, uporabljamo fizi\u010dne, tehni\u010dne in organizacijske varnostne ukrepe. Nenehno nadgrajujemo in testiramo na\u0161o varnostno tehnologijo. Dostop do va\u0161ih osebnih podatkov omejujemo samo na tiste zaposlene, ki jih morajo poznati, da vam nudijo nekatere ugodnosti ali storitve. Poleg tega svoje zaposlene izobra\u017eujemo o pomenu zaupnosti in varovanju zasebnosti ter varovanju va\u0161ih podatkov. <\/span><\/p><p><span style=\"font-weight: 400;\">SKLADI\u0160\u010cENJE IN TRAJANJE PODATKOV Vsi podatki so shranjeni v zbirkah podatkov in skladi\u0161\u010dih stre\u017enika www.hosting.com v Nem\u010diji. Va\u0161ih shranjenih podatkov ne bomo prena\u0161ali ali shranjevali v dr\u017eave zunaj Evropske unije. Va\u0161e osebne podatke hranimo in varujemo v \u010dasu va\u0161ega poslovnega odnosa z nami. Osebne podatke, ki nam jih posredujete v poslovne ali kontaktne namene, redno bri\u0161emo po 12 mesecih od datuma, ko ste nam jih posredovali. <\/span><\/p><p><span style=\"font-weight: 400;\">POSAMEZNE PRAVICE \u010ce \u017eelite vedeti, ali imamo va\u0161e osebne podatke in jih obdelujemo, ali \u010de \u017eelite dostopati do osebnih podatkov, ki jih imamo o vas, nam, prosimo, pi\u0161ite na info@pro-flavors.com. Zahtevate lahko tudi informacije o: namenu obdelovanja podatkov; kategorije osebnih podatkov, ki se obdelujejo; kdo je od nas prejel va\u0161e osebne podatke zunaj na\u0161ega podjetja; kak\u0161en je vir va\u0161ih osebnih podatkov (\u010de nam jih niste posredovali neposredno) in kako dolgo bomo hranili podatke. \u010ce so osebni podatki, ki jih hranimo, nepravilni, jih imate pravico popraviti. Z dolo\u010denimi izjemami lahko tudi zahtevate, da va\u0161e podatke izbri\u0161emo (pravica do pozabe) ali ustavimo njihovo obdelavo. Lahko zahtevate, da prenehamo uporabljati va\u0161e osebne podatke za namene neposrednega tr\u017eenja. V veliko dr\u017eavah imate pravico vlo\u017eiti prito\u017ebo pri organu za varstvo podatkov, \u010de ste nezadovoljni z ravnanjem z va\u0161imi osebnimi podatki. \u010ce je tehni\u010dno izvedljivo, vam bomo na podlagi va\u0161e zahteve poslali va\u0161e osebne podatke ali jih neposredno poslali drugemu vodji obdelave. \u010ce nam po\u0161ljete zahtevo za po\u0161iljanje va\u0161ih osebnih podatkov na info@pro-flavors.com, bomo le-to izpolnili brezpla\u010dno. \u010ce va\u0161e zahteve ne bomo mogli izpolniti v razumnem roku, vas bomo obvestili o datumu, ko bomo zahtevi ugodili. \u010ce iz kakr\u0161nega koli razloga ne bomo mogli izpolnili va\u0161e zahteve, vam bomo poslali pojasnilo zakaj. <\/span><\/p><p><span style=\"font-weight: 400;\">OBVESTILO O KR\u0160ITVI OSEBNIH PODATKOV V primeru kr\u0161itve osebnih podatkov bomo vas in pristojni nadzorni organ obvestili po elektronski po\u0161ti v roku 72 ur o obsegu kr\u0161itve, zajetih informacijah, morebitnem vplivu na na\u0161e storitve in na\u010drtovane varnostne ukrepe za podatke ter omejitev kakr\u0161nih koli \u0161kodljivih u\u010dinkov na posameznike.<\/span><\/p><p><span style=\"font-weight: 400;\">OBVESTILO O \u0160KODI VAM NE BO POSLANO, \u010cE: obstajajo tehni\u010dni in organizacijski za\u0161\u010ditni ukrepi (na primer \u0161ifriranje), ki so bili uporabljeni za osebne podatke, na katere je vplivala kr\u0161itev, saj so posledi\u010dno te informacije nerazumljive za vse osebe, ki niso poobla\u0161\u010dene za dostop do le-teh; \u010de smo s poznej\u0161imi ukrepi zagotovili, da pravice in svobo\u0161\u010dine posameznikov niso ve\u010d ogro\u017eene; \u010de bi to zahtevalo nesorazmerne napore (v tem primeru bi vas o tem obvestili preko medijev ali podobnih enako u\u010dinkovitih na\u010dinov). Kr\u0161itev osebnih podatkov pomeni kr\u0161itev varnosti, ki povzro\u010di nenamerno ali nezakonito uni\u010denje, izgubo, spreminjanje, nepoobla\u0161\u010deno razkritje ali dostop do osebnih podatkov, ki se prena\u0161ajo, shranjujejo in obdelujejo v povezavi z zagotavljanjem na\u0161ih storitev. VAS PRIVILEGIJ Z uporabo tega spletnega mesta sogla\u0161ate s to politiko zasebnosti. <\/span><\/p><p><span style=\"font-weight: 400;\">SPREMEMBE V NA\u0160I POLITIKI ZASEBNOSTI V primeru spremembe na\u0161e politike zasebnosti vas bomo o tem obvestili na tej spletni strani in spodaj posodobili datum spremembe. Ta politika zasebnosti je bil nazadnje spremenjena 1. januarja 2019. PRAVICA DO PRITO\u017dBE PRISTOJNEMU ORGANU Kadar koli lahko vlo\u017eite prito\u017ebo nadzornemu organu glede na\u0161ega zbiranja in obdelave va\u0161ih osebnih podatkov. <\/span><\/p>\t\t\t\t\t\t\t\t<\/div>\n\t\t\t\t<\/div>\n\t\t\t\t\t<\/div>\n\t\t<\/div>\n\t\t\t\t\t<\/div>\n\t\t<\/section>\n\t\t\t\t<\/div>\n\t\t","protected":false},"excerpt":{"rendered":"<p>IZJAVA O ZASEBNOSTI Ta izjava o zasebnosti se nana\u0161a na zaupnost osebnih podatkov, zbranih v postopku registracije kupcev spletnega mesta<\/p>\n","protected":false},"author":116,"featured_media":0,"parent":0,"menu_order":0,"comment_status":"closed","ping_status":"closed","template":"","meta":{"footnotes":""},"class_list":["post-18099","page","type-page","status-publish","hentry"],"yoast_head":"<!-- This site is optimized with the Yoast SEO plugin v27.4 - https:\/\/yoast.com\/product\/yoast-seo-wordpress\/ -->\n<title>IZJAVA O ZASEBNOSTI - Pro Flavors<\/title>\n<meta name=\"robots\" content=\"index, follow, max-snippet:-1, max-image-preview:large, max-video-preview:-1\" \/>\n<link rel=\"canonical\" href=\"https:\/\/pro-flavors.com\/sl\/izjava-o-zasebnosti\/\" \/>\n<meta property=\"og:locale\" content=\"sl_SI\" \/>\n<meta property=\"og:type\" content=\"article\" \/>\n<meta property=\"og:title\" content=\"IZJAVA O ZASEBNOSTI - Pro Flavors\" \/>\n<meta property=\"og:description\" content=\"IZJAVA O ZASEBNOSTI Ta izjava o zasebnosti se nana\u0161a na zaupnost osebnih podatkov, zbranih v postopku registracije kupcev spletnega mesta\" \/>\n<meta property=\"og:url\" content=\"https:\/\/pro-flavors.com\/sl\/izjava-o-zasebnosti\/\" \/>\n<meta property=\"og:site_name\" content=\"Pro Flavors\" \/>\n<meta property=\"article:modified_time\" content=\"2025-09-24T08:38:10+00:00\" \/>\n<meta name=\"twitter:card\" content=\"summary_large_image\" \/>\n<meta name=\"twitter:label1\" content=\"Est. reading time\" \/>\n\t<meta name=\"twitter:data1\" content=\"6 minut\" \/>\n<script type=\"application\/ld+json\" class=\"yoast-schema-graph\">{\"@context\":\"https:\\\/\\\/schema.org\",\"@graph\":[{\"@type\":\"WebPage\",\"@id\":\"https:\\\/\\\/pro-flavors.com\\\/sl\\\/izjava-o-zasebnosti\\\/\",\"url\":\"https:\\\/\\\/pro-flavors.com\\\/sl\\\/izjava-o-zasebnosti\\\/\",\"name\":\"IZJAVA O ZASEBNOSTI - Pro Flavors\",\"isPartOf\":{\"@id\":\"https:\\\/\\\/pro-flavors.com\\\/#website\"},\"datePublished\":\"2025-03-19T20:28:07+00:00\",\"dateModified\":\"2025-09-24T08:38:10+00:00\",\"breadcrumb\":{\"@id\":\"https:\\\/\\\/pro-flavors.com\\\/sl\\\/izjava-o-zasebnosti\\\/#breadcrumb\"},\"inLanguage\":\"sl-SI\",\"potentialAction\":[{\"@type\":\"ReadAction\",\"target\":[\"https:\\\/\\\/pro-flavors.com\\\/sl\\\/izjava-o-zasebnosti\\\/\"]}]},{\"@type\":\"BreadcrumbList\",\"@id\":\"https:\\\/\\\/pro-flavors.com\\\/sl\\\/izjava-o-zasebnosti\\\/#breadcrumb\",\"itemListElement\":[{\"@type\":\"ListItem\",\"position\":1,\"name\":\"Home\",\"item\":\"https:\\\/\\\/pro-flavors.com\\\/\"},{\"@type\":\"ListItem\",\"position\":2,\"name\":\"IZJAVA O ZASEBNOSTI\"}]},{\"@type\":\"WebSite\",\"@id\":\"https:\\\/\\\/pro-flavors.com\\\/#website\",\"url\":\"https:\\\/\\\/pro-flavors.com\\\/\",\"name\":\"Alp-Shop\",\"description\":\"\",\"publisher\":{\"@id\":\"https:\\\/\\\/pro-flavors.com\\\/#organization\"},\"potentialAction\":[{\"@type\":\"SearchAction\",\"target\":{\"@type\":\"EntryPoint\",\"urlTemplate\":\"https:\\\/\\\/pro-flavors.com\\\/?s={search_term_string}\"},\"query-input\":{\"@type\":\"PropertyValueSpecification\",\"valueRequired\":true,\"valueName\":\"search_term_string\"}}],\"inLanguage\":\"sl-SI\"},{\"@type\":\"Organization\",\"@id\":\"https:\\\/\\\/pro-flavors.com\\\/#organization\",\"name\":\"Egoistflavors\",\"url\":\"https:\\\/\\\/pro-flavors.com\\\/\",\"logo\":{\"@type\":\"ImageObject\",\"inLanguage\":\"sl-SI\",\"@id\":\"https:\\\/\\\/pro-flavors.com\\\/#\\\/schema\\\/logo\\\/image\\\/\",\"url\":\"https:\\\/\\\/pro-flavors.com\\\/wp-content\\\/uploads\\\/2023\\\/02\\\/75296DFF-04B6-4FE9-9625-82A25E3E38A1.png\",\"contentUrl\":\"https:\\\/\\\/pro-flavors.com\\\/wp-content\\\/uploads\\\/2023\\\/02\\\/75296DFF-04B6-4FE9-9625-82A25E3E38A1.png\",\"width\":1125,\"height\":2436,\"caption\":\"Egoistflavors\"},\"image\":{\"@id\":\"https:\\\/\\\/pro-flavors.com\\\/#\\\/schema\\\/logo\\\/image\\\/\"}}]}<\/script>\n<!-- \/ Yoast SEO plugin. -->","yoast_head_json":{"title":"IZJAVA O ZASEBNOSTI - Pro Flavors","robots":{"index":"index","follow":"follow","max-snippet":"max-snippet:-1","max-image-preview":"max-image-preview:large","max-video-preview":"max-video-preview:-1"},"canonical":"https:\/\/pro-flavors.com\/sl\/izjava-o-zasebnosti\/","og_locale":"sl_SI","og_type":"article","og_title":"IZJAVA O ZASEBNOSTI - Pro Flavors","og_description":"IZJAVA O ZASEBNOSTI Ta izjava o zasebnosti se nana\u0161a na zaupnost osebnih podatkov, zbranih v postopku registracije kupcev spletnega mesta","og_url":"https:\/\/pro-flavors.com\/sl\/izjava-o-zasebnosti\/","og_site_name":"Pro Flavors","article_modified_time":"2025-09-24T08:38:10+00:00","twitter_card":"summary_large_image","twitter_misc":{"Est. reading time":"6 minut"},"schema":{"@context":"https:\/\/schema.org","@graph":[{"@type":"WebPage","@id":"https:\/\/pro-flavors.com\/sl\/izjava-o-zasebnosti\/","url":"https:\/\/pro-flavors.com\/sl\/izjava-o-zasebnosti\/","name":"IZJAVA O ZASEBNOSTI - Pro Flavors","isPartOf":{"@id":"https:\/\/pro-flavors.com\/#website"},"datePublished":"2025-03-19T20:28:07+00:00","dateModified":"2025-09-24T08:38:10+00:00","breadcrumb":{"@id":"https:\/\/pro-flavors.com\/sl\/izjava-o-zasebnosti\/#breadcrumb"},"inLanguage":"sl-SI","potentialAction":[{"@type":"ReadAction","target":["https:\/\/pro-flavors.com\/sl\/izjava-o-zasebnosti\/"]}]},{"@type":"BreadcrumbList","@id":"https:\/\/pro-flavors.com\/sl\/izjava-o-zasebnosti\/#breadcrumb","itemListElement":[{"@type":"ListItem","position":1,"name":"Home","item":"https:\/\/pro-flavors.com\/"},{"@type":"ListItem","position":2,"name":"IZJAVA O ZASEBNOSTI"}]},{"@type":"WebSite","@id":"https:\/\/pro-flavors.com\/#website","url":"https:\/\/pro-flavors.com\/","name":"Alp-Shop","description":"","publisher":{"@id":"https:\/\/pro-flavors.com\/#organization"},"potentialAction":[{"@type":"SearchAction","target":{"@type":"EntryPoint","urlTemplate":"https:\/\/pro-flavors.com\/?s={search_term_string}"},"query-input":{"@type":"PropertyValueSpecification","valueRequired":true,"valueName":"search_term_string"}}],"inLanguage":"sl-SI"},{"@type":"Organization","@id":"https:\/\/pro-flavors.com\/#organization","name":"Egoistflavors","url":"https:\/\/pro-flavors.com\/","logo":{"@type":"ImageObject","inLanguage":"sl-SI","@id":"https:\/\/pro-flavors.com\/#\/schema\/logo\/image\/","url":"https:\/\/pro-flavors.com\/wp-content\/uploads\/2023\/02\/75296DFF-04B6-4FE9-9625-82A25E3E38A1.png","contentUrl":"https:\/\/pro-flavors.com\/wp-content\/uploads\/2023\/02\/75296DFF-04B6-4FE9-9625-82A25E3E38A1.png","width":1125,"height":2436,"caption":"Egoistflavors"},"image":{"@id":"https:\/\/pro-flavors.com\/#\/schema\/logo\/image\/"}}]}},"_links":{"self":[{"href":"https:\/\/pro-flavors.com\/sl\/wp-json\/wp\/v2\/pages\/18099","targetHints":{"allow":["GET"]}}],"collection":[{"href":"https:\/\/pro-flavors.com\/sl\/wp-json\/wp\/v2\/pages"}],"about":[{"href":"https:\/\/pro-flavors.com\/sl\/wp-json\/wp\/v2\/types\/page"}],"author":[{"embeddable":true,"href":"https:\/\/pro-flavors.com\/sl\/wp-json\/wp\/v2\/users\/116"}],"replies":[{"embeddable":true,"href":"https:\/\/pro-flavors.com\/sl\/wp-json\/wp\/v2\/comments?post=18099"}],"version-history":[{"count":6,"href":"https:\/\/pro-flavors.com\/sl\/wp-json\/wp\/v2\/pages\/18099\/revisions"}],"predecessor-version":[{"id":19080,"href":"https:\/\/pro-flavors.com\/sl\/wp-json\/wp\/v2\/pages\/18099\/revisions\/19080"}],"wp:attachment":[{"href":"https:\/\/pro-flavors.com\/sl\/wp-json\/wp\/v2\/media?parent=18099"}],"curies":[{"name":"wp","href":"https:\/\/api.w.org\/{rel}","templated":true}]}}