{"id":19108,"date":"2025-09-17T10:03:33","date_gmt":"2025-09-17T09:03:33","guid":{"rendered":"https:\/\/pro-flavors.com\/product\/allure-scarlet\/"},"modified":"2025-09-24T13:35:50","modified_gmt":"2025-09-24T12:35:50","slug":"allure-scarlet","status":"publish","type":"product","link":"https:\/\/pro-flavors.com\/sl\/izdelek\/allure-scarlet\/","title":{"rendered":"Allure Scarlet"},"content":{"rendered":"<p>Allure Scarlet je so\u010dna sadna me\u0161anica, ki zdru\u017euje sladek, so\u010den okus zrelih jagod s kremastimi tropskimi notami banane. Jagode prina\u0161ajo \u017eivahno sve\u017eino, banane pa dodajajo gladko, zrelo sladkost, kar ustvarja popolnoma uravnote\u017een in razko\u0161en okus. Allure Scarlet je idealen za tiste, ki imajo radi klasi\u010dno, sadno kombinacijo s kremastim pridihom. <\/p>\n<p>&nbsp;<\/p>\n<p>Neto koli\u010dina: 20 ml<\/p>\n<p>&nbsp;<\/p>\n<p>Namen uporabe: Namenjena odi\u0161avljanju prostora z difuzorjem.<\/p>\n<p>&nbsp;<\/p>\n<h3 style=\"text-align: center;\"><strong>Varnostne informacije<\/strong><\/h3>\n<p>Lahko povzro\u010di alergijsko ko\u017eno reakcijo. Povzro\u010da hudo dra\u017eenje o\u010di. <\/p>\n<p>Pri ponavljajo\u010di se izpostavljenosti lahko pride do izsu\u0161itve ali razpokanosti ko\u017ee. Varnostni list je na voljo na zahtevo. Hranite zunaj dosega otrok. Ne vna\u0161ajte v o\u010di, na ko\u017eo ali na obla\u010dila. Vsebino\/posodo odstranite v skladu z lokalnimi predpisi.    <\/p>\n<p>&nbsp;<\/p>\n","protected":false},"excerpt":{"rendered":"<p>Allure Scarlet je so\u010dna sadna me\u0161anica, ki zdru\u017euje sladek, so\u010den okus zrelih jagod s kremastimi tropskimi notami banane.<\/p>\n","protected":false},"featured_media":19287,"template":"","meta":[],"product_brand":[],"product_cat":[376],"product_tag":[],"class_list":{"0":"post-19108","1":"product","2":"type-product","3":"status-publish","4":"has-post-thumbnail","6":"product_cat-exotic-edition","8":"first","9":"instock","10":"taxable","11":"shipping-taxable","12":"purchasable","13":"product-type-variable"},"yoast_head":"<!-- This site is optimized with the Yoast SEO plugin v27.4 - https:\/\/yoast.com\/product\/yoast-seo-wordpress\/ -->\n<title>Allure Scarlet - Pro Flavors<\/title>\n<meta name=\"robots\" content=\"index, follow, max-snippet:-1, max-image-preview:large, max-video-preview:-1\" \/>\n<link rel=\"canonical\" href=\"https:\/\/pro-flavors.com\/sl\/izdelek\/allure-scarlet\/\" \/>\n<meta property=\"og:locale\" content=\"sl_SI\" \/>\n<meta property=\"og:type\" content=\"article\" \/>\n<meta property=\"og:title\" content=\"Allure Scarlet - Pro Flavors\" \/>\n<meta property=\"og:description\" content=\"Allure Scarlet je so\u010dna sadna me\u0161anica, ki zdru\u017euje sladek, so\u010den okus zrelih jagod s kremastimi tropskimi notami banane.\" \/>\n<meta property=\"og:url\" content=\"https:\/\/pro-flavors.com\/sl\/izdelek\/allure-scarlet\/\" \/>\n<meta property=\"og:site_name\" content=\"Pro Flavors\" \/>\n<meta property=\"article:modified_time\" content=\"2025-09-24T12:35:50+00:00\" \/>\n<meta name=\"twitter:card\" content=\"summary_large_image\" \/>\n<meta name=\"twitter:label1\" content=\"Est. reading time\" \/>\n\t<meta name=\"twitter:data1\" content=\"1 minuta\" \/>\n<script type=\"application\/ld+json\" class=\"yoast-schema-graph\">{\"@context\":\"https:\\\/\\\/schema.org\",\"@graph\":[{\"@type\":\"WebPage\",\"@id\":\"https:\\\/\\\/pro-flavors.com\\\/sl\\\/izdelek\\\/allure-scarlet\\\/\",\"url\":\"https:\\\/\\\/pro-flavors.com\\\/sl\\\/izdelek\\\/allure-scarlet\\\/\",\"name\":\"Allure Scarlet - Pro Flavors\",\"isPartOf\":{\"@id\":\"https:\\\/\\\/pro-flavors.com\\\/#website\"},\"primaryImageOfPage\":{\"@id\":\"https:\\\/\\\/pro-flavors.com\\\/sl\\\/izdelek\\\/allure-scarlet\\\/#primaryimage\"},\"image\":{\"@id\":\"https:\\\/\\\/pro-flavors.com\\\/sl\\\/izdelek\\\/allure-scarlet\\\/#primaryimage\"},\"thumbnailUrl\":\"https:\\\/\\\/pro-flavors.com\\\/wp-content\\\/uploads\\\/2025\\\/09\\\/Allure-Scarlet.png\",\"datePublished\":\"2025-09-17T09:03:33+00:00\",\"dateModified\":\"2025-09-24T12:35:50+00:00\",\"breadcrumb\":{\"@id\":\"https:\\\/\\\/pro-flavors.com\\\/sl\\\/izdelek\\\/allure-scarlet\\\/#breadcrumb\"},\"inLanguage\":\"sl-SI\",\"potentialAction\":[{\"@type\":\"ReadAction\",\"target\":[\"https:\\\/\\\/pro-flavors.com\\\/sl\\\/izdelek\\\/allure-scarlet\\\/\"]}]},{\"@type\":\"ImageObject\",\"inLanguage\":\"sl-SI\",\"@id\":\"https:\\\/\\\/pro-flavors.com\\\/sl\\\/izdelek\\\/allure-scarlet\\\/#primaryimage\",\"url\":\"https:\\\/\\\/pro-flavors.com\\\/wp-content\\\/uploads\\\/2025\\\/09\\\/Allure-Scarlet.png\",\"contentUrl\":\"https:\\\/\\\/pro-flavors.com\\\/wp-content\\\/uploads\\\/2025\\\/09\\\/Allure-Scarlet.png\",\"width\":1459,\"height\":1459},{\"@type\":\"BreadcrumbList\",\"@id\":\"https:\\\/\\\/pro-flavors.com\\\/sl\\\/izdelek\\\/allure-scarlet\\\/#breadcrumb\",\"itemListElement\":[{\"@type\":\"ListItem\",\"position\":1,\"name\":\"Home\",\"item\":\"https:\\\/\\\/pro-flavors.com\\\/\"},{\"@type\":\"ListItem\",\"position\":2,\"name\":\"Nakupujte\",\"item\":\"https:\\\/\\\/pro-flavors.com\\\/nakupujte\\\/\"},{\"@type\":\"ListItem\",\"position\":3,\"name\":\"Allure Scarlet\"}]},{\"@type\":\"WebSite\",\"@id\":\"https:\\\/\\\/pro-flavors.com\\\/#website\",\"url\":\"https:\\\/\\\/pro-flavors.com\\\/\",\"name\":\"Alp-Shop\",\"description\":\"\",\"publisher\":{\"@id\":\"https:\\\/\\\/pro-flavors.com\\\/#organization\"},\"potentialAction\":[{\"@type\":\"SearchAction\",\"target\":{\"@type\":\"EntryPoint\",\"urlTemplate\":\"https:\\\/\\\/pro-flavors.com\\\/?s={search_term_string}\"},\"query-input\":{\"@type\":\"PropertyValueSpecification\",\"valueRequired\":true,\"valueName\":\"search_term_string\"}}],\"inLanguage\":\"sl-SI\"},{\"@type\":\"Organization\",\"@id\":\"https:\\\/\\\/pro-flavors.com\\\/#organization\",\"name\":\"Egoistflavors\",\"url\":\"https:\\\/\\\/pro-flavors.com\\\/\",\"logo\":{\"@type\":\"ImageObject\",\"inLanguage\":\"sl-SI\",\"@id\":\"https:\\\/\\\/pro-flavors.com\\\/#\\\/schema\\\/logo\\\/image\\\/\",\"url\":\"https:\\\/\\\/pro-flavors.com\\\/wp-content\\\/uploads\\\/2023\\\/02\\\/75296DFF-04B6-4FE9-9625-82A25E3E38A1.png\",\"contentUrl\":\"https:\\\/\\\/pro-flavors.com\\\/wp-content\\\/uploads\\\/2023\\\/02\\\/75296DFF-04B6-4FE9-9625-82A25E3E38A1.png\",\"width\":1125,\"height\":2436,\"caption\":\"Egoistflavors\"},\"image\":{\"@id\":\"https:\\\/\\\/pro-flavors.com\\\/#\\\/schema\\\/logo\\\/image\\\/\"}}]}<\/script>\n<!-- \/ Yoast SEO plugin. -->","yoast_head_json":{"title":"Allure Scarlet - Pro Flavors","robots":{"index":"index","follow":"follow","max-snippet":"max-snippet:-1","max-image-preview":"max-image-preview:large","max-video-preview":"max-video-preview:-1"},"canonical":"https:\/\/pro-flavors.com\/sl\/izdelek\/allure-scarlet\/","og_locale":"sl_SI","og_type":"article","og_title":"Allure Scarlet - Pro Flavors","og_description":"Allure Scarlet je so\u010dna sadna me\u0161anica, ki zdru\u017euje sladek, so\u010den okus zrelih jagod s kremastimi tropskimi notami banane.","og_url":"https:\/\/pro-flavors.com\/sl\/izdelek\/allure-scarlet\/","og_site_name":"Pro Flavors","article_modified_time":"2025-09-24T12:35:50+00:00","twitter_card":"summary_large_image","twitter_misc":{"Est. reading time":"1 minuta"},"schema":{"@context":"https:\/\/schema.org","@graph":[{"@type":"WebPage","@id":"https:\/\/pro-flavors.com\/sl\/izdelek\/allure-scarlet\/","url":"https:\/\/pro-flavors.com\/sl\/izdelek\/allure-scarlet\/","name":"Allure Scarlet - Pro Flavors","isPartOf":{"@id":"https:\/\/pro-flavors.com\/#website"},"primaryImageOfPage":{"@id":"https:\/\/pro-flavors.com\/sl\/izdelek\/allure-scarlet\/#primaryimage"},"image":{"@id":"https:\/\/pro-flavors.com\/sl\/izdelek\/allure-scarlet\/#primaryimage"},"thumbnailUrl":"https:\/\/pro-flavors.com\/wp-content\/uploads\/2025\/09\/Allure-Scarlet.png","datePublished":"2025-09-17T09:03:33+00:00","dateModified":"2025-09-24T12:35:50+00:00","breadcrumb":{"@id":"https:\/\/pro-flavors.com\/sl\/izdelek\/allure-scarlet\/#breadcrumb"},"inLanguage":"sl-SI","potentialAction":[{"@type":"ReadAction","target":["https:\/\/pro-flavors.com\/sl\/izdelek\/allure-scarlet\/"]}]},{"@type":"ImageObject","inLanguage":"sl-SI","@id":"https:\/\/pro-flavors.com\/sl\/izdelek\/allure-scarlet\/#primaryimage","url":"https:\/\/pro-flavors.com\/wp-content\/uploads\/2025\/09\/Allure-Scarlet.png","contentUrl":"https:\/\/pro-flavors.com\/wp-content\/uploads\/2025\/09\/Allure-Scarlet.png","width":1459,"height":1459},{"@type":"BreadcrumbList","@id":"https:\/\/pro-flavors.com\/sl\/izdelek\/allure-scarlet\/#breadcrumb","itemListElement":[{"@type":"ListItem","position":1,"name":"Home","item":"https:\/\/pro-flavors.com\/"},{"@type":"ListItem","position":2,"name":"Nakupujte","item":"https:\/\/pro-flavors.com\/nakupujte\/"},{"@type":"ListItem","position":3,"name":"Allure Scarlet"}]},{"@type":"WebSite","@id":"https:\/\/pro-flavors.com\/#website","url":"https:\/\/pro-flavors.com\/","name":"Alp-Shop","description":"","publisher":{"@id":"https:\/\/pro-flavors.com\/#organization"},"potentialAction":[{"@type":"SearchAction","target":{"@type":"EntryPoint","urlTemplate":"https:\/\/pro-flavors.com\/?s={search_term_string}"},"query-input":{"@type":"PropertyValueSpecification","valueRequired":true,"valueName":"search_term_string"}}],"inLanguage":"sl-SI"},{"@type":"Organization","@id":"https:\/\/pro-flavors.com\/#organization","name":"Egoistflavors","url":"https:\/\/pro-flavors.com\/","logo":{"@type":"ImageObject","inLanguage":"sl-SI","@id":"https:\/\/pro-flavors.com\/#\/schema\/logo\/image\/","url":"https:\/\/pro-flavors.com\/wp-content\/uploads\/2023\/02\/75296DFF-04B6-4FE9-9625-82A25E3E38A1.png","contentUrl":"https:\/\/pro-flavors.com\/wp-content\/uploads\/2023\/02\/75296DFF-04B6-4FE9-9625-82A25E3E38A1.png","width":1125,"height":2436,"caption":"Egoistflavors"},"image":{"@id":"https:\/\/pro-flavors.com\/#\/schema\/logo\/image\/"}}]}},"_links":{"self":[{"href":"https:\/\/pro-flavors.com\/sl\/wp-json\/wp\/v2\/product\/19108","targetHints":{"allow":["GET"]}}],"collection":[{"href":"https:\/\/pro-flavors.com\/sl\/wp-json\/wp\/v2\/product"}],"about":[{"href":"https:\/\/pro-flavors.com\/sl\/wp-json\/wp\/v2\/types\/product"}],"version-history":[{"count":1,"href":"https:\/\/pro-flavors.com\/sl\/wp-json\/wp\/v2\/product\/19108\/revisions"}],"predecessor-version":[{"id":19109,"href":"https:\/\/pro-flavors.com\/sl\/wp-json\/wp\/v2\/product\/19108\/revisions\/19109"}],"wp:featuredmedia":[{"embeddable":true,"href":"https:\/\/pro-flavors.com\/sl\/wp-json\/wp\/v2\/media\/19287"}],"wp:attachment":[{"href":"https:\/\/pro-flavors.com\/sl\/wp-json\/wp\/v2\/media?parent=19108"}],"wp:term":[{"taxonomy":"product_brand","embeddable":true,"href":"https:\/\/pro-flavors.com\/sl\/wp-json\/wp\/v2\/product_brand?post=19108"},{"taxonomy":"product_cat","embeddable":true,"href":"https:\/\/pro-flavors.com\/sl\/wp-json\/wp\/v2\/product_cat?post=19108"},{"taxonomy":"product_tag","embeddable":true,"href":"https:\/\/pro-flavors.com\/sl\/wp-json\/wp\/v2\/product_tag?post=19108"}],"curies":[{"name":"wp","href":"https:\/\/api.w.org\/{rel}","templated":true}]}}