{"id":19224,"date":"2025-09-11T10:25:01","date_gmt":"2025-09-25T12:17:27","guid":{"rendered":"https:\/\/pro-flavors.com\/product\/candy-crush\/"},"modified":"2025-09-25T13:17:27","modified_gmt":"2025-09-25T12:17:27","slug":"candy-crush","status":"publish","type":"product","link":"https:\/\/pro-flavors.com\/sl\/izdelek\/candy-crush\/","title":{"rendered":"Candy Crush"},"content":{"rendered":"<p>Candy Crush je igriva, sladka me\u0161anica, ki odra\u017ea \u017eivahno, sladko bistvo lubenice. So\u010dni, sadni vonj lubenice je poudarjen z bonbonasto sladkostjo, kar ustvarja zabavno in razvajanje. Candy Crush je kot nala\u0161\u010d za tiste, ki u\u017eivajo v sladkem, bonbonasto navdihnjenem sadnem vonju z igrivim pridihom. <\/p>\n<p>&nbsp;<\/p>\n<p>Neto koli\u010dina: 20 ml<\/p>\n<p>&nbsp;<\/p>\n<p>Namen uporabe: Namenjena odi\u0161avljanju prostora z difuzorjem.<\/p>\n<p>&nbsp;<\/p>\n<h3 style=\"text-align: center;\"><strong>Varnostne informacije<\/strong><\/h3>\n<p>Lahko povzro\u010di alergijsko ko\u017eno reakcijo. Povzro\u010da hudo dra\u017eenje o\u010di. <\/p>\n<p>Pri ponavljajo\u010di se izpostavljenosti lahko pride do izsu\u0161itve ali razpokanosti ko\u017ee. Varnostni list je na voljo na zahtevo. Hranite zunaj dosega otrok. Ne vna\u0161ajte v o\u010di, na ko\u017eo ali na obla\u010dila. Vsebino\/posodo odstranite v skladu z lokalnimi predpisi.    <\/p>\n","protected":false},"excerpt":{"rendered":"<p>Candy Crush je igriva, sladka me\u0161anica, ki odra\u017ea \u017eivahno, sladko bistvo lubenice.<\/p>\n","protected":false},"featured_media":18761,"template":"","meta":[],"product_brand":[],"product_cat":[374],"product_tag":[],"class_list":{"0":"post-19224","1":"product","2":"type-product","3":"status-publish","4":"has-post-thumbnail","6":"product_cat-monkey-edition","8":"first","9":"instock","10":"taxable","11":"shipping-taxable","12":"purchasable","13":"product-type-simple"},"yoast_head":"<!-- This site is optimized with the Yoast SEO plugin v27.4 - https:\/\/yoast.com\/product\/yoast-seo-wordpress\/ -->\n<title>Candy Crush - Pro Flavors<\/title>\n<meta name=\"robots\" content=\"index, follow, max-snippet:-1, max-image-preview:large, max-video-preview:-1\" \/>\n<link rel=\"canonical\" href=\"https:\/\/pro-flavors.com\/sl\/izdelek\/candy-crush\/\" \/>\n<meta property=\"og:locale\" content=\"sl_SI\" \/>\n<meta property=\"og:type\" content=\"article\" \/>\n<meta property=\"og:title\" content=\"Candy Crush - Pro Flavors\" \/>\n<meta property=\"og:description\" content=\"Candy Crush je igriva, sladka me\u0161anica, ki odra\u017ea \u017eivahno, sladko bistvo lubenice.\" \/>\n<meta property=\"og:url\" content=\"https:\/\/pro-flavors.com\/sl\/izdelek\/candy-crush\/\" \/>\n<meta property=\"og:site_name\" content=\"Pro Flavors\" \/>\n<meta property=\"og:image\" content=\"https:\/\/pro-flavors.com\/wp-content\/uploads\/2025\/09\/Candy-Crush_New.png\" \/>\n\t<meta property=\"og:image:width\" content=\"1024\" \/>\n\t<meta property=\"og:image:height\" content=\"1024\" \/>\n\t<meta property=\"og:image:type\" content=\"image\/png\" \/>\n<meta name=\"twitter:card\" content=\"summary_large_image\" \/>\n<meta name=\"twitter:label1\" content=\"Est. reading time\" \/>\n\t<meta name=\"twitter:data1\" content=\"1 minuta\" \/>\n<script type=\"application\/ld+json\" class=\"yoast-schema-graph\">{\"@context\":\"https:\\\/\\\/schema.org\",\"@graph\":[{\"@type\":\"WebPage\",\"@id\":\"https:\\\/\\\/pro-flavors.com\\\/sl\\\/izdelek\\\/candy-crush\\\/\",\"url\":\"https:\\\/\\\/pro-flavors.com\\\/sl\\\/izdelek\\\/candy-crush\\\/\",\"name\":\"Candy Crush - Pro Flavors\",\"isPartOf\":{\"@id\":\"https:\\\/\\\/pro-flavors.com\\\/#website\"},\"primaryImageOfPage\":{\"@id\":\"https:\\\/\\\/pro-flavors.com\\\/sl\\\/izdelek\\\/candy-crush\\\/#primaryimage\"},\"image\":{\"@id\":\"https:\\\/\\\/pro-flavors.com\\\/sl\\\/izdelek\\\/candy-crush\\\/#primaryimage\"},\"thumbnailUrl\":\"https:\\\/\\\/pro-flavors.com\\\/wp-content\\\/uploads\\\/2025\\\/09\\\/Candy-Crush_New.png\",\"datePublished\":\"2025-09-25T12:17:27+00:00\",\"breadcrumb\":{\"@id\":\"https:\\\/\\\/pro-flavors.com\\\/sl\\\/izdelek\\\/candy-crush\\\/#breadcrumb\"},\"inLanguage\":\"sl-SI\",\"potentialAction\":[{\"@type\":\"ReadAction\",\"target\":[\"https:\\\/\\\/pro-flavors.com\\\/sl\\\/izdelek\\\/candy-crush\\\/\"]}]},{\"@type\":\"ImageObject\",\"inLanguage\":\"sl-SI\",\"@id\":\"https:\\\/\\\/pro-flavors.com\\\/sl\\\/izdelek\\\/candy-crush\\\/#primaryimage\",\"url\":\"https:\\\/\\\/pro-flavors.com\\\/wp-content\\\/uploads\\\/2025\\\/09\\\/Candy-Crush_New.png\",\"contentUrl\":\"https:\\\/\\\/pro-flavors.com\\\/wp-content\\\/uploads\\\/2025\\\/09\\\/Candy-Crush_New.png\",\"width\":1024,\"height\":1024},{\"@type\":\"BreadcrumbList\",\"@id\":\"https:\\\/\\\/pro-flavors.com\\\/sl\\\/izdelek\\\/candy-crush\\\/#breadcrumb\",\"itemListElement\":[{\"@type\":\"ListItem\",\"position\":1,\"name\":\"Home\",\"item\":\"https:\\\/\\\/pro-flavors.com\\\/\"},{\"@type\":\"ListItem\",\"position\":2,\"name\":\"Nakupujte\",\"item\":\"https:\\\/\\\/pro-flavors.com\\\/nakupujte\\\/\"},{\"@type\":\"ListItem\",\"position\":3,\"name\":\"Candy Crush\"}]},{\"@type\":\"WebSite\",\"@id\":\"https:\\\/\\\/pro-flavors.com\\\/#website\",\"url\":\"https:\\\/\\\/pro-flavors.com\\\/\",\"name\":\"Alp-Shop\",\"description\":\"\",\"publisher\":{\"@id\":\"https:\\\/\\\/pro-flavors.com\\\/#organization\"},\"potentialAction\":[{\"@type\":\"SearchAction\",\"target\":{\"@type\":\"EntryPoint\",\"urlTemplate\":\"https:\\\/\\\/pro-flavors.com\\\/?s={search_term_string}\"},\"query-input\":{\"@type\":\"PropertyValueSpecification\",\"valueRequired\":true,\"valueName\":\"search_term_string\"}}],\"inLanguage\":\"sl-SI\"},{\"@type\":\"Organization\",\"@id\":\"https:\\\/\\\/pro-flavors.com\\\/#organization\",\"name\":\"Egoistflavors\",\"url\":\"https:\\\/\\\/pro-flavors.com\\\/\",\"logo\":{\"@type\":\"ImageObject\",\"inLanguage\":\"sl-SI\",\"@id\":\"https:\\\/\\\/pro-flavors.com\\\/#\\\/schema\\\/logo\\\/image\\\/\",\"url\":\"https:\\\/\\\/pro-flavors.com\\\/wp-content\\\/uploads\\\/2023\\\/02\\\/75296DFF-04B6-4FE9-9625-82A25E3E38A1.png\",\"contentUrl\":\"https:\\\/\\\/pro-flavors.com\\\/wp-content\\\/uploads\\\/2023\\\/02\\\/75296DFF-04B6-4FE9-9625-82A25E3E38A1.png\",\"width\":1125,\"height\":2436,\"caption\":\"Egoistflavors\"},\"image\":{\"@id\":\"https:\\\/\\\/pro-flavors.com\\\/#\\\/schema\\\/logo\\\/image\\\/\"}}]}<\/script>\n<!-- \/ Yoast SEO plugin. -->","yoast_head_json":{"title":"Candy Crush - Pro Flavors","robots":{"index":"index","follow":"follow","max-snippet":"max-snippet:-1","max-image-preview":"max-image-preview:large","max-video-preview":"max-video-preview:-1"},"canonical":"https:\/\/pro-flavors.com\/sl\/izdelek\/candy-crush\/","og_locale":"sl_SI","og_type":"article","og_title":"Candy Crush - Pro Flavors","og_description":"Candy Crush je igriva, sladka me\u0161anica, ki odra\u017ea \u017eivahno, sladko bistvo lubenice.","og_url":"https:\/\/pro-flavors.com\/sl\/izdelek\/candy-crush\/","og_site_name":"Pro Flavors","og_image":[{"width":1024,"height":1024,"url":"https:\/\/pro-flavors.com\/wp-content\/uploads\/2025\/09\/Candy-Crush_New.png","type":"image\/png"}],"twitter_card":"summary_large_image","twitter_misc":{"Est. reading time":"1 minuta"},"schema":{"@context":"https:\/\/schema.org","@graph":[{"@type":"WebPage","@id":"https:\/\/pro-flavors.com\/sl\/izdelek\/candy-crush\/","url":"https:\/\/pro-flavors.com\/sl\/izdelek\/candy-crush\/","name":"Candy Crush - Pro Flavors","isPartOf":{"@id":"https:\/\/pro-flavors.com\/#website"},"primaryImageOfPage":{"@id":"https:\/\/pro-flavors.com\/sl\/izdelek\/candy-crush\/#primaryimage"},"image":{"@id":"https:\/\/pro-flavors.com\/sl\/izdelek\/candy-crush\/#primaryimage"},"thumbnailUrl":"https:\/\/pro-flavors.com\/wp-content\/uploads\/2025\/09\/Candy-Crush_New.png","datePublished":"2025-09-25T12:17:27+00:00","breadcrumb":{"@id":"https:\/\/pro-flavors.com\/sl\/izdelek\/candy-crush\/#breadcrumb"},"inLanguage":"sl-SI","potentialAction":[{"@type":"ReadAction","target":["https:\/\/pro-flavors.com\/sl\/izdelek\/candy-crush\/"]}]},{"@type":"ImageObject","inLanguage":"sl-SI","@id":"https:\/\/pro-flavors.com\/sl\/izdelek\/candy-crush\/#primaryimage","url":"https:\/\/pro-flavors.com\/wp-content\/uploads\/2025\/09\/Candy-Crush_New.png","contentUrl":"https:\/\/pro-flavors.com\/wp-content\/uploads\/2025\/09\/Candy-Crush_New.png","width":1024,"height":1024},{"@type":"BreadcrumbList","@id":"https:\/\/pro-flavors.com\/sl\/izdelek\/candy-crush\/#breadcrumb","itemListElement":[{"@type":"ListItem","position":1,"name":"Home","item":"https:\/\/pro-flavors.com\/"},{"@type":"ListItem","position":2,"name":"Nakupujte","item":"https:\/\/pro-flavors.com\/nakupujte\/"},{"@type":"ListItem","position":3,"name":"Candy Crush"}]},{"@type":"WebSite","@id":"https:\/\/pro-flavors.com\/#website","url":"https:\/\/pro-flavors.com\/","name":"Alp-Shop","description":"","publisher":{"@id":"https:\/\/pro-flavors.com\/#organization"},"potentialAction":[{"@type":"SearchAction","target":{"@type":"EntryPoint","urlTemplate":"https:\/\/pro-flavors.com\/?s={search_term_string}"},"query-input":{"@type":"PropertyValueSpecification","valueRequired":true,"valueName":"search_term_string"}}],"inLanguage":"sl-SI"},{"@type":"Organization","@id":"https:\/\/pro-flavors.com\/#organization","name":"Egoistflavors","url":"https:\/\/pro-flavors.com\/","logo":{"@type":"ImageObject","inLanguage":"sl-SI","@id":"https:\/\/pro-flavors.com\/#\/schema\/logo\/image\/","url":"https:\/\/pro-flavors.com\/wp-content\/uploads\/2023\/02\/75296DFF-04B6-4FE9-9625-82A25E3E38A1.png","contentUrl":"https:\/\/pro-flavors.com\/wp-content\/uploads\/2023\/02\/75296DFF-04B6-4FE9-9625-82A25E3E38A1.png","width":1125,"height":2436,"caption":"Egoistflavors"},"image":{"@id":"https:\/\/pro-flavors.com\/#\/schema\/logo\/image\/"}}]}},"_links":{"self":[{"href":"https:\/\/pro-flavors.com\/sl\/wp-json\/wp\/v2\/product\/19224","targetHints":{"allow":["GET"]}}],"collection":[{"href":"https:\/\/pro-flavors.com\/sl\/wp-json\/wp\/v2\/product"}],"about":[{"href":"https:\/\/pro-flavors.com\/sl\/wp-json\/wp\/v2\/types\/product"}],"version-history":[{"count":0,"href":"https:\/\/pro-flavors.com\/sl\/wp-json\/wp\/v2\/product\/19224\/revisions"}],"wp:featuredmedia":[{"embeddable":true,"href":"https:\/\/pro-flavors.com\/sl\/wp-json\/wp\/v2\/media\/18761"}],"wp:attachment":[{"href":"https:\/\/pro-flavors.com\/sl\/wp-json\/wp\/v2\/media?parent=19224"}],"wp:term":[{"taxonomy":"product_brand","embeddable":true,"href":"https:\/\/pro-flavors.com\/sl\/wp-json\/wp\/v2\/product_brand?post=19224"},{"taxonomy":"product_cat","embeddable":true,"href":"https:\/\/pro-flavors.com\/sl\/wp-json\/wp\/v2\/product_cat?post=19224"},{"taxonomy":"product_tag","embeddable":true,"href":"https:\/\/pro-flavors.com\/sl\/wp-json\/wp\/v2\/product_tag?post=19224"}],"curies":[{"name":"wp","href":"https:\/\/api.w.org\/{rel}","templated":true}]}}