{"id":19258,"date":"2025-09-11T06:55:05","date_gmt":"2025-09-30T07:42:46","guid":{"rendered":"https:\/\/pro-flavors.com\/product\/tantadroo-menthol\/"},"modified":"2025-09-30T08:42:46","modified_gmt":"2025-09-30T07:42:46","slug":"tantadroo-menthol","status":"publish","type":"product","link":"https:\/\/pro-flavors.com\/sl\/izdelek\/tantadroo-menthol\/","title":{"rendered":"Tantadroo Menthol"},"content":{"rendered":"<p>Tantadroo Mentol je \u017eivahna sadna me\u0161anica breskve, \u010drnega grozdja, borovnic, malin in gozdnih jagod, ki ji je dodan hladen, osve\u017eujo\u010d mentolni pridih. Bogato, so\u010dno sadje ostaja glavna zvezda s sladkimi notami, medtem ko mentol okrepi izku\u0161njo s hrustljavim, ledenim zaklju\u010dkom. Tantadroo Mentol je kot nala\u0161\u010d za tiste, ki u\u017eivajo v krepki sadni di\u0161avi z dodatnim osve\u017eilnim hladom.  <\/p>\n<p>&nbsp;<\/p>\n<p>Neto koli\u010dina: 20 ml<\/p>\n<p>&nbsp;<\/p>\n<p>Namen uporabe: Namenjena odi\u0161avljanju prostora z difuzorjem.<\/p>\n<p>&nbsp;<\/p>\n<h3 style=\"text-align: center;\"><strong>Varnostne informacije<\/strong><\/h3>\n<p>Lahko povzro\u010di alergijsko ko\u017eno reakcijo. Povzro\u010da hudo dra\u017eenje o\u010di. <\/p>\n<p>Pri ponavljajo\u010di se izpostavljenosti lahko pride do izsu\u0161itve ali razpokanosti ko\u017ee. Varnostni list je na voljo na zahtevo. Hranite zunaj dosega otrok. Ne vna\u0161ajte v o\u010di, na ko\u017eo ali na obla\u010dila. Vsebino\/posodo odstranite v skladu z lokalnimi predpisi.    <\/p>\n","protected":false},"excerpt":{"rendered":"<p>Tantadroo Mentol je \u017eivahna sadna me\u0161anica breskve, \u010drnega grozdja, borovnic, malin in gozdnih jagod, ki ji je dodan hladen, osve\u017eujo\u010d mentolni pridih.<\/p>\n","protected":false},"featured_media":19260,"template":"","meta":[],"product_brand":[],"product_cat":[377],"product_tag":[],"class_list":{"0":"post-19258","1":"product","2":"type-product","3":"status-publish","4":"has-post-thumbnail","6":"product_cat-egoist-edition","8":"first","9":"instock","10":"taxable","11":"shipping-taxable","12":"purchasable","13":"product-type-simple"},"yoast_head":"<!-- This site is optimized with the Yoast SEO plugin v27.4 - https:\/\/yoast.com\/product\/yoast-seo-wordpress\/ -->\n<title>Tantadroo Menthol - Pro Flavors<\/title>\n<meta name=\"robots\" content=\"index, follow, max-snippet:-1, max-image-preview:large, max-video-preview:-1\" \/>\n<link rel=\"canonical\" href=\"https:\/\/pro-flavors.com\/sl\/izdelek\/tantadroo-menthol\/\" \/>\n<meta property=\"og:locale\" content=\"sl_SI\" \/>\n<meta property=\"og:type\" content=\"article\" \/>\n<meta property=\"og:title\" content=\"Tantadroo Menthol - Pro Flavors\" \/>\n<meta property=\"og:description\" content=\"Tantadroo Mentol je \u017eivahna sadna me\u0161anica breskve, \u010drnega grozdja, borovnic, malin in gozdnih jagod, ki ji je dodan hladen, osve\u017eujo\u010d mentolni pridih.\" \/>\n<meta property=\"og:url\" content=\"https:\/\/pro-flavors.com\/sl\/izdelek\/tantadroo-menthol\/\" \/>\n<meta property=\"og:site_name\" content=\"Pro Flavors\" \/>\n<meta name=\"twitter:card\" content=\"summary_large_image\" \/>\n<meta name=\"twitter:label1\" content=\"Est. reading time\" \/>\n\t<meta name=\"twitter:data1\" content=\"1 minuta\" \/>\n<script type=\"application\/ld+json\" class=\"yoast-schema-graph\">{\"@context\":\"https:\\\/\\\/schema.org\",\"@graph\":[{\"@type\":\"WebPage\",\"@id\":\"https:\\\/\\\/pro-flavors.com\\\/sl\\\/izdelek\\\/tantadroo-menthol\\\/\",\"url\":\"https:\\\/\\\/pro-flavors.com\\\/sl\\\/izdelek\\\/tantadroo-menthol\\\/\",\"name\":\"Tantadroo Menthol - Pro Flavors\",\"isPartOf\":{\"@id\":\"https:\\\/\\\/pro-flavors.com\\\/#website\"},\"primaryImageOfPage\":{\"@id\":\"https:\\\/\\\/pro-flavors.com\\\/sl\\\/izdelek\\\/tantadroo-menthol\\\/#primaryimage\"},\"image\":{\"@id\":\"https:\\\/\\\/pro-flavors.com\\\/sl\\\/izdelek\\\/tantadroo-menthol\\\/#primaryimage\"},\"thumbnailUrl\":\"https:\\\/\\\/pro-flavors.com\\\/wp-content\\\/uploads\\\/2025\\\/09\\\/Tantadroo-Menthol.png\",\"datePublished\":\"2025-09-30T07:42:46+00:00\",\"breadcrumb\":{\"@id\":\"https:\\\/\\\/pro-flavors.com\\\/sl\\\/izdelek\\\/tantadroo-menthol\\\/#breadcrumb\"},\"inLanguage\":\"sl-SI\",\"potentialAction\":[{\"@type\":\"ReadAction\",\"target\":[\"https:\\\/\\\/pro-flavors.com\\\/sl\\\/izdelek\\\/tantadroo-menthol\\\/\"]}]},{\"@type\":\"ImageObject\",\"inLanguage\":\"sl-SI\",\"@id\":\"https:\\\/\\\/pro-flavors.com\\\/sl\\\/izdelek\\\/tantadroo-menthol\\\/#primaryimage\",\"url\":\"https:\\\/\\\/pro-flavors.com\\\/wp-content\\\/uploads\\\/2025\\\/09\\\/Tantadroo-Menthol.png\",\"contentUrl\":\"https:\\\/\\\/pro-flavors.com\\\/wp-content\\\/uploads\\\/2025\\\/09\\\/Tantadroo-Menthol.png\",\"width\":1459,\"height\":1459},{\"@type\":\"BreadcrumbList\",\"@id\":\"https:\\\/\\\/pro-flavors.com\\\/sl\\\/izdelek\\\/tantadroo-menthol\\\/#breadcrumb\",\"itemListElement\":[{\"@type\":\"ListItem\",\"position\":1,\"name\":\"Home\",\"item\":\"https:\\\/\\\/pro-flavors.com\\\/\"},{\"@type\":\"ListItem\",\"position\":2,\"name\":\"Nakupujte\",\"item\":\"https:\\\/\\\/pro-flavors.com\\\/nakupujte\\\/\"},{\"@type\":\"ListItem\",\"position\":3,\"name\":\"Tantadroo Menthol\"}]},{\"@type\":\"WebSite\",\"@id\":\"https:\\\/\\\/pro-flavors.com\\\/#website\",\"url\":\"https:\\\/\\\/pro-flavors.com\\\/\",\"name\":\"Alp-Shop\",\"description\":\"\",\"publisher\":{\"@id\":\"https:\\\/\\\/pro-flavors.com\\\/#organization\"},\"potentialAction\":[{\"@type\":\"SearchAction\",\"target\":{\"@type\":\"EntryPoint\",\"urlTemplate\":\"https:\\\/\\\/pro-flavors.com\\\/?s={search_term_string}\"},\"query-input\":{\"@type\":\"PropertyValueSpecification\",\"valueRequired\":true,\"valueName\":\"search_term_string\"}}],\"inLanguage\":\"sl-SI\"},{\"@type\":\"Organization\",\"@id\":\"https:\\\/\\\/pro-flavors.com\\\/#organization\",\"name\":\"Egoistflavors\",\"url\":\"https:\\\/\\\/pro-flavors.com\\\/\",\"logo\":{\"@type\":\"ImageObject\",\"inLanguage\":\"sl-SI\",\"@id\":\"https:\\\/\\\/pro-flavors.com\\\/#\\\/schema\\\/logo\\\/image\\\/\",\"url\":\"https:\\\/\\\/pro-flavors.com\\\/wp-content\\\/uploads\\\/2023\\\/02\\\/75296DFF-04B6-4FE9-9625-82A25E3E38A1.png\",\"contentUrl\":\"https:\\\/\\\/pro-flavors.com\\\/wp-content\\\/uploads\\\/2023\\\/02\\\/75296DFF-04B6-4FE9-9625-82A25E3E38A1.png\",\"width\":1125,\"height\":2436,\"caption\":\"Egoistflavors\"},\"image\":{\"@id\":\"https:\\\/\\\/pro-flavors.com\\\/#\\\/schema\\\/logo\\\/image\\\/\"}}]}<\/script>\n<!-- \/ Yoast SEO plugin. -->","yoast_head_json":{"title":"Tantadroo Menthol - Pro Flavors","robots":{"index":"index","follow":"follow","max-snippet":"max-snippet:-1","max-image-preview":"max-image-preview:large","max-video-preview":"max-video-preview:-1"},"canonical":"https:\/\/pro-flavors.com\/sl\/izdelek\/tantadroo-menthol\/","og_locale":"sl_SI","og_type":"article","og_title":"Tantadroo Menthol - Pro Flavors","og_description":"Tantadroo Mentol je \u017eivahna sadna me\u0161anica breskve, \u010drnega grozdja, borovnic, malin in gozdnih jagod, ki ji je dodan hladen, osve\u017eujo\u010d mentolni pridih.","og_url":"https:\/\/pro-flavors.com\/sl\/izdelek\/tantadroo-menthol\/","og_site_name":"Pro Flavors","twitter_card":"summary_large_image","twitter_misc":{"Est. reading time":"1 minuta"},"schema":{"@context":"https:\/\/schema.org","@graph":[{"@type":"WebPage","@id":"https:\/\/pro-flavors.com\/sl\/izdelek\/tantadroo-menthol\/","url":"https:\/\/pro-flavors.com\/sl\/izdelek\/tantadroo-menthol\/","name":"Tantadroo Menthol - Pro Flavors","isPartOf":{"@id":"https:\/\/pro-flavors.com\/#website"},"primaryImageOfPage":{"@id":"https:\/\/pro-flavors.com\/sl\/izdelek\/tantadroo-menthol\/#primaryimage"},"image":{"@id":"https:\/\/pro-flavors.com\/sl\/izdelek\/tantadroo-menthol\/#primaryimage"},"thumbnailUrl":"https:\/\/pro-flavors.com\/wp-content\/uploads\/2025\/09\/Tantadroo-Menthol.png","datePublished":"2025-09-30T07:42:46+00:00","breadcrumb":{"@id":"https:\/\/pro-flavors.com\/sl\/izdelek\/tantadroo-menthol\/#breadcrumb"},"inLanguage":"sl-SI","potentialAction":[{"@type":"ReadAction","target":["https:\/\/pro-flavors.com\/sl\/izdelek\/tantadroo-menthol\/"]}]},{"@type":"ImageObject","inLanguage":"sl-SI","@id":"https:\/\/pro-flavors.com\/sl\/izdelek\/tantadroo-menthol\/#primaryimage","url":"https:\/\/pro-flavors.com\/wp-content\/uploads\/2025\/09\/Tantadroo-Menthol.png","contentUrl":"https:\/\/pro-flavors.com\/wp-content\/uploads\/2025\/09\/Tantadroo-Menthol.png","width":1459,"height":1459},{"@type":"BreadcrumbList","@id":"https:\/\/pro-flavors.com\/sl\/izdelek\/tantadroo-menthol\/#breadcrumb","itemListElement":[{"@type":"ListItem","position":1,"name":"Home","item":"https:\/\/pro-flavors.com\/"},{"@type":"ListItem","position":2,"name":"Nakupujte","item":"https:\/\/pro-flavors.com\/nakupujte\/"},{"@type":"ListItem","position":3,"name":"Tantadroo Menthol"}]},{"@type":"WebSite","@id":"https:\/\/pro-flavors.com\/#website","url":"https:\/\/pro-flavors.com\/","name":"Alp-Shop","description":"","publisher":{"@id":"https:\/\/pro-flavors.com\/#organization"},"potentialAction":[{"@type":"SearchAction","target":{"@type":"EntryPoint","urlTemplate":"https:\/\/pro-flavors.com\/?s={search_term_string}"},"query-input":{"@type":"PropertyValueSpecification","valueRequired":true,"valueName":"search_term_string"}}],"inLanguage":"sl-SI"},{"@type":"Organization","@id":"https:\/\/pro-flavors.com\/#organization","name":"Egoistflavors","url":"https:\/\/pro-flavors.com\/","logo":{"@type":"ImageObject","inLanguage":"sl-SI","@id":"https:\/\/pro-flavors.com\/#\/schema\/logo\/image\/","url":"https:\/\/pro-flavors.com\/wp-content\/uploads\/2023\/02\/75296DFF-04B6-4FE9-9625-82A25E3E38A1.png","contentUrl":"https:\/\/pro-flavors.com\/wp-content\/uploads\/2023\/02\/75296DFF-04B6-4FE9-9625-82A25E3E38A1.png","width":1125,"height":2436,"caption":"Egoistflavors"},"image":{"@id":"https:\/\/pro-flavors.com\/#\/schema\/logo\/image\/"}}]}},"_links":{"self":[{"href":"https:\/\/pro-flavors.com\/sl\/wp-json\/wp\/v2\/product\/19258","targetHints":{"allow":["GET"]}}],"collection":[{"href":"https:\/\/pro-flavors.com\/sl\/wp-json\/wp\/v2\/product"}],"about":[{"href":"https:\/\/pro-flavors.com\/sl\/wp-json\/wp\/v2\/types\/product"}],"version-history":[{"count":0,"href":"https:\/\/pro-flavors.com\/sl\/wp-json\/wp\/v2\/product\/19258\/revisions"}],"wp:featuredmedia":[{"embeddable":true,"href":"https:\/\/pro-flavors.com\/sl\/wp-json\/wp\/v2\/media\/19260"}],"wp:attachment":[{"href":"https:\/\/pro-flavors.com\/sl\/wp-json\/wp\/v2\/media?parent=19258"}],"wp:term":[{"taxonomy":"product_brand","embeddable":true,"href":"https:\/\/pro-flavors.com\/sl\/wp-json\/wp\/v2\/product_brand?post=19258"},{"taxonomy":"product_cat","embeddable":true,"href":"https:\/\/pro-flavors.com\/sl\/wp-json\/wp\/v2\/product_cat?post=19258"},{"taxonomy":"product_tag","embeddable":true,"href":"https:\/\/pro-flavors.com\/sl\/wp-json\/wp\/v2\/product_tag?post=19258"}],"curies":[{"name":"wp","href":"https:\/\/api.w.org\/{rel}","templated":true}]}}