{"id":19274,"date":"2025-09-10T12:54:59","date_gmt":"2025-09-30T10:33:00","guid":{"rendered":"https:\/\/pro-flavors.com\/product\/bang\/"},"modified":"2025-09-30T11:33:00","modified_gmt":"2025-09-30T10:33:00","slug":"bang","status":"publish","type":"product","link":"https:\/\/pro-flavors.com\/sl\/izdelek\/bang\/","title":{"rendered":"Bang"},"content":{"rendered":"<p>Bang je eksplozija tropskega in temnega sadja, ki o\u010dara in po\u017eivi. Ta \u017eivahna aroma se za\u010dne z drzno, so\u010dno sladkostjo zrelega manga in breskve ter ustvari s soncem obsijan za\u010detek, ki takoj prebudi \u010dute. Sledi eksoti\u010dna privla\u010dnost papaje, ki doda bogato tropsko globino in okrepi sadno jasnost. Ko se vonj razvija, se pojavi zapeljiv podton temnega sadja, kot so robide in slive, ki doda \u017eametno bogastvo in pridih skrivnostnosti. Bang je elektrizirajo\u010da me\u0161anica, ki usklajuje son\u010dno sve\u017eino s temnim, po\u017eeljivim sadjem, kot nala\u0161\u010d za tiste, ki i\u0161\u010dejo avanturisti\u010dno in dinami\u010dno di\u0161avno izku\u0161njo.    <\/p>\n<p>&nbsp;<\/p>\n<p>Neto koli\u010dina: 20 ml<\/p>\n<p>&nbsp;<\/p>\n<p>Namen uporabe: Namenjena odi\u0161avljanju prostora z difuzorjem.<\/p>\n<p>&nbsp;<\/p>\n<h3 style=\"text-align: center;\"><strong>Varnostne informacije<\/strong><\/h3>\n<p>Lahko povzro\u010di alergijsko ko\u017eno reakcijo. Povzro\u010da hudo dra\u017eenje o\u010di. <\/p>\n<p>Pri ponavljajo\u010di se izpostavljenosti lahko pride do izsu\u0161itve ali razpokanosti ko\u017ee. Varnostni list je na voljo na zahtevo. Hranite zunaj dosega otrok. Ne vna\u0161ajte v o\u010di, na ko\u017eo ali na obla\u010dila. Vsebino\/posodo odstranite v skladu z lokalnimi predpisi.    <\/p>\n","protected":false},"excerpt":{"rendered":"<p>Bang je eksplozija tropskega in temnega sadja, ki o\u010dara in po\u017eivi.<\/p>\n","protected":false},"featured_media":18546,"template":"","meta":[],"product_brand":[],"product_cat":[377],"product_tag":[],"class_list":{"0":"post-19274","1":"product","2":"type-product","3":"status-publish","4":"has-post-thumbnail","6":"product_cat-egoist-edition","8":"first","9":"instock","10":"taxable","11":"shipping-taxable","12":"purchasable","13":"product-type-simple"},"yoast_head":"<!-- This site is optimized with the Yoast SEO plugin v27.4 - https:\/\/yoast.com\/product\/yoast-seo-wordpress\/ -->\n<title>Bang - Pro Flavors<\/title>\n<meta name=\"robots\" content=\"index, follow, max-snippet:-1, max-image-preview:large, max-video-preview:-1\" \/>\n<link rel=\"canonical\" href=\"https:\/\/pro-flavors.com\/sl\/izdelek\/bang\/\" \/>\n<meta property=\"og:locale\" content=\"sl_SI\" \/>\n<meta property=\"og:type\" content=\"article\" \/>\n<meta property=\"og:title\" content=\"Bang - Pro Flavors\" \/>\n<meta property=\"og:description\" content=\"Bang je eksplozija tropskega in temnega sadja, ki o\u010dara in po\u017eivi.\" \/>\n<meta property=\"og:url\" content=\"https:\/\/pro-flavors.com\/sl\/izdelek\/bang\/\" \/>\n<meta property=\"og:site_name\" content=\"Pro Flavors\" \/>\n<meta property=\"og:image\" content=\"https:\/\/pro-flavors.com\/wp-content\/uploads\/2025\/09\/Canva_94jNj4FKxL.png\" \/>\n\t<meta property=\"og:image:width\" content=\"721\" \/>\n\t<meta property=\"og:image:height\" content=\"721\" \/>\n\t<meta property=\"og:image:type\" content=\"image\/png\" \/>\n<meta name=\"twitter:card\" content=\"summary_large_image\" \/>\n<meta name=\"twitter:label1\" content=\"Est. reading time\" \/>\n\t<meta name=\"twitter:data1\" content=\"1 minuta\" \/>\n<script type=\"application\/ld+json\" class=\"yoast-schema-graph\">{\"@context\":\"https:\\\/\\\/schema.org\",\"@graph\":[{\"@type\":\"WebPage\",\"@id\":\"https:\\\/\\\/pro-flavors.com\\\/sl\\\/izdelek\\\/bang\\\/\",\"url\":\"https:\\\/\\\/pro-flavors.com\\\/sl\\\/izdelek\\\/bang\\\/\",\"name\":\"Bang - Pro Flavors\",\"isPartOf\":{\"@id\":\"https:\\\/\\\/pro-flavors.com\\\/#website\"},\"primaryImageOfPage\":{\"@id\":\"https:\\\/\\\/pro-flavors.com\\\/sl\\\/izdelek\\\/bang\\\/#primaryimage\"},\"image\":{\"@id\":\"https:\\\/\\\/pro-flavors.com\\\/sl\\\/izdelek\\\/bang\\\/#primaryimage\"},\"thumbnailUrl\":\"https:\\\/\\\/pro-flavors.com\\\/wp-content\\\/uploads\\\/2025\\\/09\\\/Bang.jpg\",\"datePublished\":\"2025-09-30T10:33:00+00:00\",\"breadcrumb\":{\"@id\":\"https:\\\/\\\/pro-flavors.com\\\/sl\\\/izdelek\\\/bang\\\/#breadcrumb\"},\"inLanguage\":\"sl-SI\",\"potentialAction\":[{\"@type\":\"ReadAction\",\"target\":[\"https:\\\/\\\/pro-flavors.com\\\/sl\\\/izdelek\\\/bang\\\/\"]}]},{\"@type\":\"ImageObject\",\"inLanguage\":\"sl-SI\",\"@id\":\"https:\\\/\\\/pro-flavors.com\\\/sl\\\/izdelek\\\/bang\\\/#primaryimage\",\"url\":\"https:\\\/\\\/pro-flavors.com\\\/wp-content\\\/uploads\\\/2025\\\/09\\\/Bang.jpg\",\"contentUrl\":\"https:\\\/\\\/pro-flavors.com\\\/wp-content\\\/uploads\\\/2025\\\/09\\\/Bang.jpg\",\"width\":700,\"height\":700},{\"@type\":\"BreadcrumbList\",\"@id\":\"https:\\\/\\\/pro-flavors.com\\\/sl\\\/izdelek\\\/bang\\\/#breadcrumb\",\"itemListElement\":[{\"@type\":\"ListItem\",\"position\":1,\"name\":\"Home\",\"item\":\"https:\\\/\\\/pro-flavors.com\\\/\"},{\"@type\":\"ListItem\",\"position\":2,\"name\":\"Nakupujte\",\"item\":\"https:\\\/\\\/pro-flavors.com\\\/nakupujte\\\/\"},{\"@type\":\"ListItem\",\"position\":3,\"name\":\"Bang\"}]},{\"@type\":\"WebSite\",\"@id\":\"https:\\\/\\\/pro-flavors.com\\\/#website\",\"url\":\"https:\\\/\\\/pro-flavors.com\\\/\",\"name\":\"Alp-Shop\",\"description\":\"\",\"publisher\":{\"@id\":\"https:\\\/\\\/pro-flavors.com\\\/#organization\"},\"potentialAction\":[{\"@type\":\"SearchAction\",\"target\":{\"@type\":\"EntryPoint\",\"urlTemplate\":\"https:\\\/\\\/pro-flavors.com\\\/?s={search_term_string}\"},\"query-input\":{\"@type\":\"PropertyValueSpecification\",\"valueRequired\":true,\"valueName\":\"search_term_string\"}}],\"inLanguage\":\"sl-SI\"},{\"@type\":\"Organization\",\"@id\":\"https:\\\/\\\/pro-flavors.com\\\/#organization\",\"name\":\"Egoistflavors\",\"url\":\"https:\\\/\\\/pro-flavors.com\\\/\",\"logo\":{\"@type\":\"ImageObject\",\"inLanguage\":\"sl-SI\",\"@id\":\"https:\\\/\\\/pro-flavors.com\\\/#\\\/schema\\\/logo\\\/image\\\/\",\"url\":\"https:\\\/\\\/pro-flavors.com\\\/wp-content\\\/uploads\\\/2023\\\/02\\\/75296DFF-04B6-4FE9-9625-82A25E3E38A1.png\",\"contentUrl\":\"https:\\\/\\\/pro-flavors.com\\\/wp-content\\\/uploads\\\/2023\\\/02\\\/75296DFF-04B6-4FE9-9625-82A25E3E38A1.png\",\"width\":1125,\"height\":2436,\"caption\":\"Egoistflavors\"},\"image\":{\"@id\":\"https:\\\/\\\/pro-flavors.com\\\/#\\\/schema\\\/logo\\\/image\\\/\"}}]}<\/script>\n<!-- \/ Yoast SEO plugin. -->","yoast_head_json":{"title":"Bang - Pro Flavors","robots":{"index":"index","follow":"follow","max-snippet":"max-snippet:-1","max-image-preview":"max-image-preview:large","max-video-preview":"max-video-preview:-1"},"canonical":"https:\/\/pro-flavors.com\/sl\/izdelek\/bang\/","og_locale":"sl_SI","og_type":"article","og_title":"Bang - Pro Flavors","og_description":"Bang je eksplozija tropskega in temnega sadja, ki o\u010dara in po\u017eivi.","og_url":"https:\/\/pro-flavors.com\/sl\/izdelek\/bang\/","og_site_name":"Pro Flavors","og_image":[{"width":721,"height":721,"url":"https:\/\/pro-flavors.com\/wp-content\/uploads\/2025\/09\/Canva_94jNj4FKxL.png","type":"image\/png"}],"twitter_card":"summary_large_image","twitter_misc":{"Est. reading time":"1 minuta"},"schema":{"@context":"https:\/\/schema.org","@graph":[{"@type":"WebPage","@id":"https:\/\/pro-flavors.com\/sl\/izdelek\/bang\/","url":"https:\/\/pro-flavors.com\/sl\/izdelek\/bang\/","name":"Bang - Pro Flavors","isPartOf":{"@id":"https:\/\/pro-flavors.com\/#website"},"primaryImageOfPage":{"@id":"https:\/\/pro-flavors.com\/sl\/izdelek\/bang\/#primaryimage"},"image":{"@id":"https:\/\/pro-flavors.com\/sl\/izdelek\/bang\/#primaryimage"},"thumbnailUrl":"https:\/\/pro-flavors.com\/wp-content\/uploads\/2025\/09\/Bang.jpg","datePublished":"2025-09-30T10:33:00+00:00","breadcrumb":{"@id":"https:\/\/pro-flavors.com\/sl\/izdelek\/bang\/#breadcrumb"},"inLanguage":"sl-SI","potentialAction":[{"@type":"ReadAction","target":["https:\/\/pro-flavors.com\/sl\/izdelek\/bang\/"]}]},{"@type":"ImageObject","inLanguage":"sl-SI","@id":"https:\/\/pro-flavors.com\/sl\/izdelek\/bang\/#primaryimage","url":"https:\/\/pro-flavors.com\/wp-content\/uploads\/2025\/09\/Bang.jpg","contentUrl":"https:\/\/pro-flavors.com\/wp-content\/uploads\/2025\/09\/Bang.jpg","width":700,"height":700},{"@type":"BreadcrumbList","@id":"https:\/\/pro-flavors.com\/sl\/izdelek\/bang\/#breadcrumb","itemListElement":[{"@type":"ListItem","position":1,"name":"Home","item":"https:\/\/pro-flavors.com\/"},{"@type":"ListItem","position":2,"name":"Nakupujte","item":"https:\/\/pro-flavors.com\/nakupujte\/"},{"@type":"ListItem","position":3,"name":"Bang"}]},{"@type":"WebSite","@id":"https:\/\/pro-flavors.com\/#website","url":"https:\/\/pro-flavors.com\/","name":"Alp-Shop","description":"","publisher":{"@id":"https:\/\/pro-flavors.com\/#organization"},"potentialAction":[{"@type":"SearchAction","target":{"@type":"EntryPoint","urlTemplate":"https:\/\/pro-flavors.com\/?s={search_term_string}"},"query-input":{"@type":"PropertyValueSpecification","valueRequired":true,"valueName":"search_term_string"}}],"inLanguage":"sl-SI"},{"@type":"Organization","@id":"https:\/\/pro-flavors.com\/#organization","name":"Egoistflavors","url":"https:\/\/pro-flavors.com\/","logo":{"@type":"ImageObject","inLanguage":"sl-SI","@id":"https:\/\/pro-flavors.com\/#\/schema\/logo\/image\/","url":"https:\/\/pro-flavors.com\/wp-content\/uploads\/2023\/02\/75296DFF-04B6-4FE9-9625-82A25E3E38A1.png","contentUrl":"https:\/\/pro-flavors.com\/wp-content\/uploads\/2023\/02\/75296DFF-04B6-4FE9-9625-82A25E3E38A1.png","width":1125,"height":2436,"caption":"Egoistflavors"},"image":{"@id":"https:\/\/pro-flavors.com\/#\/schema\/logo\/image\/"}}]}},"_links":{"self":[{"href":"https:\/\/pro-flavors.com\/sl\/wp-json\/wp\/v2\/product\/19274","targetHints":{"allow":["GET"]}}],"collection":[{"href":"https:\/\/pro-flavors.com\/sl\/wp-json\/wp\/v2\/product"}],"about":[{"href":"https:\/\/pro-flavors.com\/sl\/wp-json\/wp\/v2\/types\/product"}],"version-history":[{"count":0,"href":"https:\/\/pro-flavors.com\/sl\/wp-json\/wp\/v2\/product\/19274\/revisions"}],"wp:featuredmedia":[{"embeddable":true,"href":"https:\/\/pro-flavors.com\/sl\/wp-json\/wp\/v2\/media\/18546"}],"wp:attachment":[{"href":"https:\/\/pro-flavors.com\/sl\/wp-json\/wp\/v2\/media?parent=19274"}],"wp:term":[{"taxonomy":"product_brand","embeddable":true,"href":"https:\/\/pro-flavors.com\/sl\/wp-json\/wp\/v2\/product_brand?post=19274"},{"taxonomy":"product_cat","embeddable":true,"href":"https:\/\/pro-flavors.com\/sl\/wp-json\/wp\/v2\/product_cat?post=19274"},{"taxonomy":"product_tag","embeddable":true,"href":"https:\/\/pro-flavors.com\/sl\/wp-json\/wp\/v2\/product_tag?post=19274"}],"curies":[{"name":"wp","href":"https:\/\/api.w.org\/{rel}","templated":true}]}}